{"id":645,"date":"2019-02-11T15:11:13","date_gmt":"2019-02-11T15:11:13","guid":{"rendered":"https:\/\/demosites.io\/onboarding-gutenberg\/?page_id=645"},"modified":"2022-11-01T13:21:32","modified_gmt":"2022-11-01T12:21:32","slug":"5b349-home","status":"publish","type":"page","link":"https:\/\/restaurant-sirtakigl.de\/","title":{"rendered":"Home"},"content":{"rendered":"<p><img width=\"500\" height=\"500\" src=\"https:\/\/restaurant-sirtakigl.de\/wp-content\/uploads\/2020\/12\/FB_IMG_1598274998284_InPixio.png\" alt=\"\" loading=\"lazy\" srcset=\"https:\/\/restaurant-sirtakigl.de\/wp-content\/uploads\/2020\/12\/FB_IMG_1598274998284_InPixio.png 500w, https:\/\/restaurant-sirtakigl.de\/wp-content\/uploads\/2020\/12\/FB_IMG_1598274998284_InPixio-300x300.png 300w, https:\/\/restaurant-sirtakigl.de\/wp-content\/uploads\/2020\/12\/FB_IMG_1598274998284_InPixio-150x150.png 150w\" sizes=\"(max-width: 500px) 100vw, 500px\"><br \/>\n<img width=\"1024\" height=\"573\" src=\"https:\/\/restaurant-sirtakigl.de\/wp-content\/uploads\/2020\/12\/sirtaki-logo_InPixio_InPixio_InPixio-1-1024x573.png\" alt=\"\" loading=\"lazy\" srcset=\"https:\/\/restaurant-sirtakigl.de\/wp-content\/uploads\/2020\/12\/sirtaki-logo_InPixio_InPixio_InPixio-1-1024x573.png 1024w, https:\/\/restaurant-sirtakigl.de\/wp-content\/uploads\/2020\/12\/sirtaki-logo_InPixio_InPixio_InPixio-1-300x168.png 300w, https:\/\/restaurant-sirtakigl.de\/wp-content\/uploads\/2020\/12\/sirtaki-logo_InPixio_InPixio_InPixio-1-768x430.png 768w, https:\/\/restaurant-sirtakigl.de\/wp-content\/uploads\/2020\/12\/sirtaki-logo_InPixio_InPixio_InPixio-1.png 1425w\" sizes=\"(max-width: 1024px) 100vw, 1024px\"><\/p>\n<h2>SIRTAKI<\/h2>\n<h2>Griechisches Restaurant in Glauchau<\/h2>\n<p><img width=\"960\" height=\"640\" src=\"https:\/\/restaurant-sirtakigl.de\/wp-content\/uploads\/2020\/12\/sirtaki_InPixio.jpg\" alt=\"\" loading=\"lazy\" srcset=\"https:\/\/restaurant-sirtakigl.de\/wp-content\/uploads\/2020\/12\/sirtaki_InPixio.jpg 960w, https:\/\/restaurant-sirtakigl.de\/wp-content\/uploads\/2020\/12\/sirtaki_InPixio-300x200.jpg 300w, https:\/\/restaurant-sirtakigl.de\/wp-content\/uploads\/2020\/12\/sirtaki_InPixio-768x512.jpg 768w, https:\/\/restaurant-sirtakigl.de\/wp-content\/uploads\/2020\/12\/sirtaki_InPixio-930x620.jpg 930w\" sizes=\"(max-width: 960px) 100vw, 960px\"><\/p>\n<h2>Griechische Spezialit\u00e4ten in Glauchau<\/h2>\n<h2>Aus Liebe zur traditionellen griechischen K\u00fcche und aus Leidenschaft f\u00fcr das Verbinden altbew\u00e4hrter Familienrezepte mit modernen Variationen f\u00fchren wir Sie im griechischen Restaurant Sirtaki auf eine einzigartige kulinarische Reise durch die wundervolle Welt des Landes unter der Sonne \u2013 durch Griechenland. Freuen Sie sich auf k\u00f6stliche Gerichte und eine geh\u00f6rige Portion echter griechischer Gastfreundschaft im Herzen von Glauchau. W\u00e4hlen Sie zwischen schmackhaften Fleisch- und Fischgerichten, vorz\u00fcglichen Weinen, k\u00f6stlichen K\u00e4sesorten, kalten und warmen griechischen Vorspeisen, himmlischen S\u00fc\u00dfspeisen und vielem mehr.<\/p>\n<p>Genie\u00dfen Sie ruhige Stunden zu zweit, ein entspanntes Gesch\u00e4ftsessen oder ein gem\u00fctliches Familienessen bei Ihrem Lieblingsgriechen. Unsere kleinen G\u00e4ste finden sicherlich schnell ihr Lieblingsgericht aus unserer Speisekarte mit verschiedenen Kindergerichten. F\u00fcr den gro\u00dfen Hunger empfehlen wir Ihnen unsere Hausspezialit\u00e4ten f\u00fcr eine oder gleich mehrere Personen. Dazu ein k\u00f6stliches Glas Wein oder ein Gl\u00e4schen Ouzo, um den Tag gem\u00fctlich ausklingen zu lassen.<\/h2>\n","protected":false},"excerpt":{"rendered":"<p>SIRTAKI Griechisches Restaurant in Glauchau Griechische Spezialit\u00e4ten in Glauchau Aus Liebe zur traditionellen griechischen K\u00fcche und aus Leidenschaft f\u00fcr das Verbinden altbew\u00e4hrter Familienrezepte mit modernen Variationen f\u00fchren wir Sie im griechischen Restaurant Sirtaki auf eine einzigartige kulinarische Reise durch die wundervolle Welt des Landes unter der Sonne \u2013 durch Griechenland. Freuen Sie sich auf k\u00f6stliche&hellip;&nbsp;<a href=\"https:\/\/restaurant-sirtakigl.de\/\" class=\"\" rel=\"bookmark\">Weiterlesen &raquo;<span class=\"screen-reader-text\">Home<\/span><\/a><\/p>\n","protected":false},"author":1,"featured_media":0,"parent":0,"menu_order":0,"comment_status":"closed","ping_status":"closed","template":"","meta":{"neve_meta_sidebar":"full-width","neve_meta_container":"full-width","neve_meta_enable_content_width":"off","neve_meta_content_width":0,"neve_meta_title_alignment":"","neve_meta_author_avatar":"","neve_post_elements_order":"","neve_meta_disable_header":"","neve_meta_disable_footer":"","neve_meta_disable_title":"on","_ti_tpc_template_sync":false,"_ti_tpc_template_id":"8q0u99m9z4hq6emc0s6a"},"_links":{"self":[{"href":"https:\/\/restaurant-sirtakigl.de\/index.php?rest_route=\/wp\/v2\/pages\/645"}],"collection":[{"href":"https:\/\/restaurant-sirtakigl.de\/index.php?rest_route=\/wp\/v2\/pages"}],"about":[{"href":"https:\/\/restaurant-sirtakigl.de\/index.php?rest_route=\/wp\/v2\/types\/page"}],"author":[{"embeddable":true,"href":"https:\/\/restaurant-sirtakigl.de\/index.php?rest_route=\/wp\/v2\/users\/1"}],"replies":[{"embeddable":true,"href":"https:\/\/restaurant-sirtakigl.de\/index.php?rest_route=%2Fwp%2Fv2%2Fcomments&post=645"}],"version-history":[{"count":101,"href":"https:\/\/restaurant-sirtakigl.de\/index.php?rest_route=\/wp\/v2\/pages\/645\/revisions"}],"predecessor-version":[{"id":1090,"href":"https:\/\/restaurant-sirtakigl.de\/index.php?rest_route=\/wp\/v2\/pages\/645\/revisions\/1090"}],"wp:attachment":[{"href":"https:\/\/restaurant-sirtakigl.de\/index.php?rest_route=%2Fwp%2Fv2%2Fmedia&parent=645"}],"curies":[{"name":"wp","href":"https:\/\/api.w.org\/{rel}","templated":true}]}}